{"id":153,"date":"2018-07-19T20:08:35","date_gmt":"2018-07-19T20:08:35","guid":{"rendered":"http:\/\/rima.artstudioworks.net\/?page_id=153"},"modified":"2021-03-18T17:42:51","modified_gmt":"2021-03-18T14:42:51","slug":"contact","status":"publish","type":"page","link":"https:\/\/blog.thecovepilates.com\/?page_id=153","title":{"rendered":"\u0130leti\u015fim"},"content":{"rendered":"[vc_row full_width=&#8221;stretch_row&#8221; css=&#8221;.vc_custom_1532073512560{padding-bottom: 75px !important;}&#8221;][vc_column]<div class=\"before-content\"><div class=\"container\"><div class=\"span12\"><header class=\"title\"><h2>\u0130leti\u015fim<\/h2><\/header><\/div><\/div><\/div>[vc_single_image image=&#8221;586&#8243; img_size=&#8221;full&#8221; alignment=&#8221;center&#8221; style=&#8221;vc_box_outline&#8221; border_color=&#8221;chino&#8221; onclick=&#8221;custom_link&#8221; img_link_target=&#8221;_blank&#8221; link=&#8221;https:\/\/g.page\/thecovepilates&#8221;][\/vc_column][\/vc_row][vc_row css=&#8221;.vc_custom_1535211727472{padding-bottom: 70px !important;}&#8221;][vc_column width=&#8221;3\/4&#8243;][vc_column_text]\n<h3>\u0130leti\u015fime ge\u00e7in&#8230;<\/h3>\n<p>Soru, \u00f6neri ve fikirleirniz i\u00e7in bizimle ileti\u015fim kurmaya l\u00fctfen \u00e7ekinmeyin.<br \/>\nHer t\u00fcrl\u00fc konuda yard\u0131mc\u0131 olabilmek i\u00e7in elimizden geleni yap\u0131yoruz.[\/vc_column_text]\n<div class=\"wpcf7 no-js\" id=\"wpcf7-f21-o1\" lang=\"en-US\" dir=\"ltr\" data-wpcf7-id=\"21\">\n<div class=\"screen-reader-response\"><p role=\"status\" aria-live=\"polite\" aria-atomic=\"true\"><\/p> <ul><\/ul><\/div>\n<form action=\"\/index.php?rest_route=%2Fwp%2Fv2%2Fpages%2F153#wpcf7-f21-o1\" method=\"post\" class=\"wpcf7-form init\" aria-label=\"Contact form\" novalidate=\"novalidate\" data-status=\"init\">\n<fieldset class=\"hidden-fields-container\"><input type=\"hidden\" name=\"_wpcf7\" value=\"21\" \/><input type=\"hidden\" name=\"_wpcf7_version\" value=\"6.1.5\" \/><input type=\"hidden\" name=\"_wpcf7_locale\" value=\"en_US\" \/><input type=\"hidden\" name=\"_wpcf7_unit_tag\" value=\"wpcf7-f21-o1\" \/><input type=\"hidden\" name=\"_wpcf7_container_post\" value=\"0\" \/><input type=\"hidden\" name=\"_wpcf7_posted_data_hash\" value=\"\" \/><input type=\"hidden\" name=\"_wpcf7_recaptcha_response\" value=\"\" \/>\n<\/fieldset>\n<p><label> Ad Soyad*<br \/>\n<span class=\"wpcf7-form-control-wrap\" data-name=\"your-name\"><input size=\"40\" maxlength=\"400\" class=\"wpcf7-form-control wpcf7-text wpcf7-validates-as-required\" aria-required=\"true\" aria-invalid=\"false\" value=\"\" type=\"text\" name=\"your-name\" \/><\/span> <\/label>\n<\/p>\n<p><label> E-mail*<br \/>\n<span class=\"wpcf7-form-control-wrap\" data-name=\"your-email\"><input size=\"40\" maxlength=\"400\" class=\"wpcf7-form-control wpcf7-email wpcf7-validates-as-required wpcf7-text wpcf7-validates-as-email\" aria-required=\"true\" aria-invalid=\"false\" value=\"\" type=\"email\" name=\"your-email\" \/><\/span> <\/label>\n<\/p>\n<p><label> Telefon*<br \/>\n<span class=\"wpcf7-form-control-wrap\" data-name=\"tel-405\"><input size=\"40\" maxlength=\"400\" class=\"wpcf7-form-control wpcf7-tel wpcf7-validates-as-required wpcf7-text wpcf7-validates-as-tel\" aria-required=\"true\" aria-invalid=\"false\" value=\"\" type=\"tel\" name=\"tel-405\" \/><\/span> <\/label>\n<\/p>\n<p><label> Mesaj\u0131n\u0131z<br \/>\n<span class=\"wpcf7-form-control-wrap\" data-name=\"your-message\"><textarea cols=\"40\" rows=\"10\" maxlength=\"2000\" class=\"wpcf7-form-control wpcf7-textarea\" aria-invalid=\"false\" name=\"your-message\"><\/textarea><\/span> <\/label>\n<\/p>\n<p><input class=\"wpcf7-form-control wpcf7-submit has-spinner\" type=\"submit\" value=\"G\u00f6nder\" \/>\n<\/p><p style=\"display: none !important;\" class=\"akismet-fields-container\" data-prefix=\"_wpcf7_ak_\"><label>&#916;<textarea name=\"_wpcf7_ak_hp_textarea\" cols=\"45\" rows=\"8\" maxlength=\"100\"><\/textarea><\/label><input type=\"hidden\" id=\"ak_js_1\" name=\"_wpcf7_ak_js\" value=\"241\"\/><script type=\"text\/javascript\">\n\/* <![CDATA[ *\/\ndocument.getElementById( \"ak_js_1\" ).setAttribute( \"value\", ( new Date() ).getTime() );\n\/* ]]> *\/\n<\/script>\n<\/p><div class=\"wpcf7-response-output\" aria-hidden=\"true\"><\/div>\n<\/form>\n<\/div>\n[\/vc_column][vc_column width=&#8221;1\/4&#8243;][vc_widget_sidebar sidebar_id=&#8221;contactUs&#8221;][\/vc_column][\/vc_row][vc_row full_width=&#8221;stretch_row&#8221; css=&#8221;.vc_custom_1534955003096{padding-top: 77px !important;padding-bottom: 77px !important;background-color: #f9d5c6 !important;}&#8221;][vc_column width=&#8221;1\/4&#8243; css=&#8221;.vc_custom_1534881687202{padding-right: 0px !important;}&#8221;][vc_custom_heading text=&#8221;ABONE OLUN&#8221; font_container=&#8221;tag:h4|font_size:18px|text_align:left|color:%23222325|line_height:54px&#8221; use_theme_fonts=&#8221;yes&#8221;][\/vc_column][vc_column width=&#8221;3\/4&#8243; css=&#8221;.vc_custom_1535023784532{padding-left: 0px !important;}&#8221;][vc_column_text]<script>(function() {\n\twindow.mc4wp = window.mc4wp || {\n\t\tlisteners: [],\n\t\tforms: {\n\t\t\ton: function(evt, cb) {\n\t\t\t\twindow.mc4wp.listeners.push(\n\t\t\t\t\t{\n\t\t\t\t\t\tevent   : evt,\n\t\t\t\t\t\tcallback: cb\n\t\t\t\t\t}\n\t\t\t\t);\n\t\t\t}\n\t\t}\n\t}\n})();\n<\/script><!-- Mailchimp for WordPress v4.12.5 - https:\/\/wordpress.org\/plugins\/mailchimp-for-wp\/ --><form id=\"mc4wp-form-1\" class=\"mc4wp-form mc4wp-form-274 mc4wp-form-theme mc4wp-form-theme-light\" method=\"post\" data-id=\"274\" data-name=\"\" ><div class=\"mc4wp-form-fields\"><div class=\"flex\">\r\n  <div class=\"flex-item\">\r\n    <input type=\"text\" name=\"NAME\" placeholder=\"\u0130sminiz\" required \/>\r\n  <\/div>\r\n  <div class=\"flex-item\">\r\n    <input type=\"email\" name=\"EMAIL\" placeholder=\"Email Adresiniz\" required \/>\r\n  <\/div><br>\r\n  <div class=\"flex-item\">\r\n    <button type=\"submit\" class=\"button square\">KAYIT OLUN <i class=\"la la-paper-plane\"><\/i><\/button>\r\n  <\/div>\r\n<\/div>\r\n\r\n<\/div><label style=\"display: none !important;\">Leave this field empty if you're human: <input type=\"text\" name=\"_mc4wp_honeypot\" value=\"\" tabindex=\"-1\" autocomplete=\"off\" \/><\/label><input type=\"hidden\" name=\"_mc4wp_timestamp\" value=\"1778413604\" \/><input type=\"hidden\" name=\"_mc4wp_form_id\" value=\"274\" \/><input type=\"hidden\" name=\"_mc4wp_form_element_id\" value=\"mc4wp-form-1\" \/><div class=\"mc4wp-response\"><\/div><\/form><!-- \/ Mailchimp for WordPress Plugin -->[\/vc_column_text][\/vc_column][\/vc_row]\n","protected":false},"excerpt":{"rendered":"<p>[vc_row full_width=&#8221;stretch_row&#8221; css=&#8221;.vc_custom_1532073512560{padding-bottom: 75px !important;}&#8221;][vc_column][vc_single_image image=&#8221;586&#8243; img_size=&#8221;full&#8221; alignment=&#8221;center&#8221; style=&#8221;vc_box_outline&#8221; border_color=&#8221;chino&#8221; onclick=&#8221;custom_link&#8221; img_link_target=&#8221;_blank&#8221; link=&#8221;https:\/\/g.page\/thecovepilates&#8221;][\/vc_column][\/vc_row][vc_row css=&#8221;.vc_custom_1535211727472{padding-bottom: 70px !important;}&#8221;][vc_column width=&#8221;3\/4&#8243;][vc_column_text] \u0130leti\u015fime ge\u00e7in&#8230; Soru, \u00f6neri ve fikirleirniz i\u00e7in bizimle ileti\u015fim kurmaya l\u00fctfen \u00e7ekinmeyin. Her t\u00fcrl\u00fc konuda yard\u0131mc\u0131 olabilmek i\u00e7in elimizden geleni yap\u0131yoruz.[\/vc_column_text][\/vc_column][vc_column width=&#8221;1\/4&#8243;][vc_widget_sidebar sidebar_id=&#8221;contactUs&#8221;][\/vc_column][\/vc_row][vc_row full_width=&#8221;stretch_row&#8221; css=&#8221;.vc_custom_1534955003096{padding-top: 77px !important;padding-bottom: 77px !important;background-color: #f9d5c6 !important;}&#8221;][vc_column width=&#8221;1\/4&#8243; css=&#8221;.vc_custom_1534881687202{padding-right: 0px !important;}&#8221;][vc_custom_heading<\/p>\n","protected":false},"author":1,"featured_media":0,"parent":0,"menu_order":0,"comment_status":"closed","ping_status":"closed","template":"page-fullwidth.php","meta":{"footnotes":""},"class_list":["post-153","page","type-page","status-publish","hentry"],"_links":{"self":[{"href":"https:\/\/blog.thecovepilates.com\/index.php?rest_route=\/wp\/v2\/pages\/153","targetHints":{"allow":["GET"]}}],"collection":[{"href":"https:\/\/blog.thecovepilates.com\/index.php?rest_route=\/wp\/v2\/pages"}],"about":[{"href":"https:\/\/blog.thecovepilates.com\/index.php?rest_route=\/wp\/v2\/types\/page"}],"author":[{"embeddable":true,"href":"https:\/\/blog.thecovepilates.com\/index.php?rest_route=\/wp\/v2\/users\/1"}],"replies":[{"embeddable":true,"href":"https:\/\/blog.thecovepilates.com\/index.php?rest_route=%2Fwp%2Fv2%2Fcomments&post=153"}],"version-history":[{"count":5,"href":"https:\/\/blog.thecovepilates.com\/index.php?rest_route=\/wp\/v2\/pages\/153\/revisions"}],"predecessor-version":[{"id":588,"href":"https:\/\/blog.thecovepilates.com\/index.php?rest_route=\/wp\/v2\/pages\/153\/revisions\/588"}],"wp:attachment":[{"href":"https:\/\/blog.thecovepilates.com\/index.php?rest_route=%2Fwp%2Fv2%2Fmedia&parent=153"}],"curies":[{"name":"wp","href":"https:\/\/api.w.org\/{rel}","templated":true}]}}