{"id":250,"date":"2018-07-03T17:07:54","date_gmt":"2018-07-03T17:07:54","guid":{"rendered":"http:\/\/rima.artstudioworks.net\/?page_id=2"},"modified":"2021-03-19T14:57:52","modified_gmt":"2021-03-19T11:57:52","slug":"home","status":"publish","type":"page","link":"https:\/\/blog.thecovepilates.com\/","title":{"rendered":"Home"},"content":{"rendered":"[vc_row full_width=&#8221;stretch_row_content_no_spaces&#8221;][vc_column][vc_single_image image=&#8221;450&#8243; img_size=&#8221;full&#8221; alignment=&#8221;center&#8221; el_class=&#8221;bottom-border-radius&#8221; css=&#8221;.vc_custom_1580982637243{margin-bottom: 42px !important;}&#8221;][\/vc_column][\/vc_row][vc_row][vc_column][vc_custom_heading text=&#8221;MERHABA&#8221; font_container=&#8221;tag:h2|font_size:32|text_align:center|line_height:1em&#8221; use_theme_fonts=&#8221;yes&#8221; el_class=&#8221;extra-letter-spacing&#8221;][vc_separator color=&#8221;custom&#8221; border_width=&#8221;2&#8243; el_width=&#8221;10&#8243; accent_color=&#8221;#f9dbce&#8221; el_class=&#8221;hr-sep-width&#8221; css=&#8221;.vc_custom_1534246646681{margin-bottom: 15px !important;padding-top: 12px !important;padding-bottom: 15px !important;}&#8221;][vc_column_text]\n<h1 style=\"font-family: raleway; font-size: 14px; text-align: center; line-height: 2;\">Sa\u011fl\u0131kl\u0131 ya\u015fam, beslenme ve spora dair bir \u00e7ok makale bulabilece\u011finiz The Cove Blog,<br \/>\nkendi d\u00fc\u015f\u00fcnce ve deneyimlerimizi derledi\u011fimiz bir blog<br \/>\nhaline getirmeye \u00e7al\u0131\u015ft\u0131k. Keyifli okumalar \ud83d\ude42<\/h1>\n[\/vc_column_text][vc_single_image image=&#8221;365&#8243; img_size=&#8221;full&#8221; alignment=&#8221;center&#8221;][\/vc_column][\/vc_row][vc_row css=&#8221;.vc_custom_1616154853977{padding-top: 55px !important;padding-bottom: 10px !important;}&#8221;][vc_column width=&#8221;3\/4&#8243; css=&#8221;.vc_custom_1534958776851{padding-right: 40px !important;}&#8221;]<div id=\"latest-posts\"><div id=\"blog-posts-1\" class=\"row-fluid blog-posts\"><article itemscope itemtype=\"http:\/\/schema.org\/Article\" class=\"post-size span6 style_3 670 post-670 post type-post status-publish format-standard has-post-thumbnail hentry category-saglik post\"><div class=\"post-content-container textcenter\"><figure class=\"post-img\"><a href=\"https:\/\/blog.thecovepilates.com\/?p=670\" rel=\"bookmark\"><img loading=\"lazy\" decoding=\"async\" width=\"570\" height=\"410\" src=\"https:\/\/blog.thecovepilates.com\/wp-content\/uploads\/2021\/03\/MS-570x410.jpg\" class=\"attachment-medium size-medium wp-post-image\" alt=\"MS\" \/><\/a><\/figure><div class=\"post-content\"><header class=\"title hr-sep\"><div class=\"meta-categories\"><a href=\"https:\/\/blog.thecovepilates.com\/?cat=49\" rel=\"category\">Sa\u011fl\u0131k<\/a><\/div><h2 itemprop=\"headline\"><a href=\"https:\/\/blog.thecovepilates.com\/?p=670\" title=\"Permalink to MS Hastalar\u0131 i\u00e7in Pilates: Daha \u0130yi Denge ve Koordinasyon \u0130\u00e7in Egzersizler\" rel=\"bookmark\">MS Hastalar\u0131 i\u00e7in Pilates: Daha \u0130yi Denge ve Koordinasyon \u0130\u00e7in Egzersizler<\/a><\/h2><\/header><div class=\"post-excerpt\">Egzersiz ve fiziksel aktivite, sa\u011fl\u0131\u011f\u0131n\u0131z ve iyi hissetmeniz i\u00e7in \u00f6nemlidir. Ba\u011f\u0131\u015f\u0131kl\u0131k sisteminin sinir liflerini \u00f6rten<\/div><\/div><div class=\"post-meta footer-meta disable-lines\"><div class=\"meta-sharebox\"><i class=\"la la-share-alt\"><\/i><div class=\"sharebox\"><div class=\"social-icons\"><ul class=\"unstyled\"><li class=\"social-facebook\"><a href=\"\/\/www.facebook.com\/sharer.php?u=https:\/\/blog.thecovepilates.com\/?p=670&amp;t=MS+Hastalar\u0131+i\u00e7in+Pilates:+Daha+\u0130yi+Denge+ve+Koordinasyon+\u0130\u00e7in+Egzersizler\" title=\"Share to Facebook\" target=\"_blank\"><i class=\"fab fa-facebook\"><\/i><\/a><\/li><li class=\"social-twitter\"><a href=\"\/\/twitter.com\/home?status=MS+Hastalar\u0131+i\u00e7in+Pilates:+Daha+\u0130yi+Denge+ve+Koordinasyon+\u0130\u00e7in+Egzersizler+https:\/\/blog.thecovepilates.com\/?p=670\" title=\"Share to Twitter\" target=\"_blank\"><i class=\"fab fa-twitter\"><\/i><\/a><\/li><li class=\"social-pinterest\"><a href=\"\/\/pinterest.com\/pin\/create\/link\/?url=https:\/\/blog.thecovepilates.com\/?p=670&amp;media=https:\/\/blog.thecovepilates.com\/wp-content\/uploads\/2021\/03\/MS.jpg&amp;description=MS+Hastalar\u0131+i\u00e7in+Pilates:+Daha+\u0130yi+Denge+ve+Koordinasyon+\u0130\u00e7in+Egzersizler\" title=\"Share to Pinterest\" target=\"_blank\"><i class=\"fab fa-pinterest-p\"><\/i><\/a><\/li><\/ul><\/div><\/div><\/div><\/div><\/div><\/article><article itemscope itemtype=\"http:\/\/schema.org\/Article\" class=\"post-size span6 style_3 665 post-665 post type-post status-publish format-standard has-post-thumbnail hentry category-saglik post\"><div class=\"post-content-container textcenter\"><figure class=\"post-img\"><a href=\"https:\/\/blog.thecovepilates.com\/?p=665\" rel=\"bookmark\"><img loading=\"lazy\" decoding=\"async\" width=\"570\" height=\"410\" src=\"https:\/\/blog.thecovepilates.com\/wp-content\/uploads\/2021\/03\/cinko1-570x410.jpg\" class=\"attachment-medium size-medium wp-post-image\" alt=\"\" \/><\/a><\/figure><div class=\"post-content\"><header class=\"title hr-sep\"><div class=\"meta-categories\"><a href=\"https:\/\/blog.thecovepilates.com\/?cat=49\" rel=\"category\">Sa\u011fl\u0131k<\/a><\/div><h2 itemprop=\"headline\"><a href=\"https:\/\/blog.thecovepilates.com\/?p=665\" title=\"Permalink to \u00c7inko\" rel=\"bookmark\">\u00c7inko<\/a><\/h2><\/header><div class=\"post-excerpt\">Hepimize v\u00fccudumuzun \u00e7al\u0131\u015fmas\u0131 i\u00e7in do\u011fru besinlere ihtiyac\u0131 oldu\u011fu \u00f6\u011fretildi. Ancak \u00e7o\u011fu insan i\u00e7in bu, bilginin<\/div><\/div><div class=\"post-meta footer-meta disable-lines\"><div class=\"meta-sharebox\"><i class=\"la la-share-alt\"><\/i><div class=\"sharebox\"><div class=\"social-icons\"><ul class=\"unstyled\"><li class=\"social-facebook\"><a href=\"\/\/www.facebook.com\/sharer.php?u=https:\/\/blog.thecovepilates.com\/?p=665&amp;t=\u00c7inko\" title=\"Share to Facebook\" target=\"_blank\"><i class=\"fab fa-facebook\"><\/i><\/a><\/li><li class=\"social-twitter\"><a href=\"\/\/twitter.com\/home?status=\u00c7inko+https:\/\/blog.thecovepilates.com\/?p=665\" title=\"Share to Twitter\" target=\"_blank\"><i class=\"fab fa-twitter\"><\/i><\/a><\/li><li class=\"social-pinterest\"><a href=\"\/\/pinterest.com\/pin\/create\/link\/?url=https:\/\/blog.thecovepilates.com\/?p=665&amp;media=https:\/\/blog.thecovepilates.com\/wp-content\/uploads\/2021\/03\/cinko1.jpg&amp;description=\u00c7inko\" title=\"Share to Pinterest\" target=\"_blank\"><i class=\"fab fa-pinterest-p\"><\/i><\/a><\/li><\/ul><\/div><\/div><\/div><\/div><\/div><\/article><article itemscope itemtype=\"http:\/\/schema.org\/Article\" class=\"post-size span6 style_3 658 post-658 post type-post status-publish format-standard has-post-thumbnail hentry category-saglik post\"><div class=\"post-content-container textcenter\"><figure class=\"post-img\"><a href=\"https:\/\/blog.thecovepilates.com\/?p=658\" rel=\"bookmark\"><img loading=\"lazy\" decoding=\"async\" width=\"570\" height=\"410\" src=\"https:\/\/blog.thecovepilates.com\/wp-content\/uploads\/2021\/03\/KARANTINA-DONEMINDE-ENERJI-SEVIYELERINIZI-NASIL-KORURSUNUZ-1-570x410.jpg\" class=\"attachment-medium size-medium wp-post-image\" alt=\"\" \/><\/a><\/figure><div class=\"post-content\"><header class=\"title hr-sep\"><div class=\"meta-categories\"><a href=\"https:\/\/blog.thecovepilates.com\/?cat=49\" rel=\"category\">Sa\u011fl\u0131k<\/a><\/div><h2 itemprop=\"headline\"><a href=\"https:\/\/blog.thecovepilates.com\/?p=658\" title=\"Permalink to Karantina D\u00f6neminde Enerji Seviyelerinizi Nas\u0131l Korursunuz\" rel=\"bookmark\">Karantina D\u00f6neminde Enerji Seviyelerinizi Nas\u0131l Korursunuz<\/a><\/h2><\/header><div class=\"post-excerpt\">B\u00fct\u00fcn g\u00fcn\u00fcn\u00fc evde ge\u00e7irmi\u015f olmana ra\u011fmen yorgun mu hissediyorsun? Merak etmeyin &#8211; yaln\u0131z de\u011filsiniz. Yorgunluk<\/div><\/div><div class=\"post-meta footer-meta disable-lines\"><div class=\"meta-sharebox\"><i class=\"la la-share-alt\"><\/i><div class=\"sharebox\"><div class=\"social-icons\"><ul class=\"unstyled\"><li class=\"social-facebook\"><a href=\"\/\/www.facebook.com\/sharer.php?u=https:\/\/blog.thecovepilates.com\/?p=658&amp;t=Karantina+D\u00f6neminde+Enerji+Seviyelerinizi+Nas\u0131l+Korursunuz\" title=\"Share to Facebook\" target=\"_blank\"><i class=\"fab fa-facebook\"><\/i><\/a><\/li><li class=\"social-twitter\"><a href=\"\/\/twitter.com\/home?status=Karantina+D\u00f6neminde+Enerji+Seviyelerinizi+Nas\u0131l+Korursunuz+https:\/\/blog.thecovepilates.com\/?p=658\" title=\"Share to Twitter\" target=\"_blank\"><i class=\"fab fa-twitter\"><\/i><\/a><\/li><li class=\"social-pinterest\"><a href=\"\/\/pinterest.com\/pin\/create\/link\/?url=https:\/\/blog.thecovepilates.com\/?p=658&amp;media=https:\/\/blog.thecovepilates.com\/wp-content\/uploads\/2021\/03\/KARANTINA-DONEMINDE-ENERJI-SEVIYELERINIZI-NASIL-KORURSUNUZ-1.jpg&amp;description=Karantina+D\u00f6neminde+Enerji+Seviyelerinizi+Nas\u0131l+Korursunuz\" title=\"Share to Pinterest\" target=\"_blank\"><i class=\"fab fa-pinterest-p\"><\/i><\/a><\/li><\/ul><\/div><\/div><\/div><\/div><\/div><\/article><article itemscope itemtype=\"http:\/\/schema.org\/Article\" class=\"post-size span6 style_3 655 post-655 post type-post status-publish format-standard has-post-thumbnail hentry category-saglik post\"><div class=\"post-content-container textcenter\"><figure class=\"post-img\"><a href=\"https:\/\/blog.thecovepilates.com\/?p=655\" rel=\"bookmark\"><img loading=\"lazy\" decoding=\"async\" width=\"570\" height=\"410\" src=\"https:\/\/blog.thecovepilates.com\/wp-content\/uploads\/2021\/03\/5-DOGAL-ENERJI-ARTIRICI-570x410.jpg\" class=\"attachment-medium size-medium wp-post-image\" alt=\"5 DO\u011eAL ENERJ\u0130 ARTIRICI\" \/><\/a><\/figure><div class=\"post-content\"><header class=\"title hr-sep\"><div class=\"meta-categories\"><a href=\"https:\/\/blog.thecovepilates.com\/?cat=49\" rel=\"category\">Sa\u011fl\u0131k<\/a><\/div><h2 itemprop=\"headline\"><a href=\"https:\/\/blog.thecovepilates.com\/?p=655\" title=\"Permalink to 5 Do\u011fal Enerji Art\u0131r\u0131c\u0131\" rel=\"bookmark\">5 Do\u011fal Enerji Art\u0131r\u0131c\u0131<\/a><\/h2><\/header><div class=\"post-excerpt\">G\u00fcnl\u00fck ya\u015fam\u0131n talepleri y\u00fcz\u00fcnden s\u00fcrekli y\u0131pranm\u0131\u015fsan\u0131z, enerjinizi art\u0131rman\u0131n ve yorgunlu\u011fu atman\u0131n bir yolunu bulmak isteyeceksiniz.<\/div><\/div><div class=\"post-meta footer-meta disable-lines\"><div class=\"meta-sharebox\"><i class=\"la la-share-alt\"><\/i><div class=\"sharebox\"><div class=\"social-icons\"><ul class=\"unstyled\"><li class=\"social-facebook\"><a href=\"\/\/www.facebook.com\/sharer.php?u=https:\/\/blog.thecovepilates.com\/?p=655&amp;t=5+Do\u011fal+Enerji+Art\u0131r\u0131c\u0131\" title=\"Share to Facebook\" target=\"_blank\"><i class=\"fab fa-facebook\"><\/i><\/a><\/li><li class=\"social-twitter\"><a href=\"\/\/twitter.com\/home?status=5+Do\u011fal+Enerji+Art\u0131r\u0131c\u0131+https:\/\/blog.thecovepilates.com\/?p=655\" title=\"Share to Twitter\" target=\"_blank\"><i class=\"fab fa-twitter\"><\/i><\/a><\/li><li class=\"social-pinterest\"><a href=\"\/\/pinterest.com\/pin\/create\/link\/?url=https:\/\/blog.thecovepilates.com\/?p=655&amp;media=https:\/\/blog.thecovepilates.com\/wp-content\/uploads\/2021\/03\/5-DOGAL-ENERJI-ARTIRICI.jpg&amp;description=5+Do\u011fal+Enerji+Art\u0131r\u0131c\u0131\" title=\"Share to Pinterest\" target=\"_blank\"><i class=\"fab fa-pinterest-p\"><\/i><\/a><\/li><\/ul><\/div><\/div><\/div><\/div><\/div><\/article><article itemscope itemtype=\"http:\/\/schema.org\/Article\" class=\"post-size span6 style_3 539 post-539 post type-post status-publish format-standard has-post-thumbnail hentry category-beslenme category-spor post\"><div class=\"post-content-container textcenter\"><figure class=\"post-img\"><a href=\"https:\/\/blog.thecovepilates.com\/?p=539\" rel=\"bookmark\"><img loading=\"lazy\" decoding=\"async\" width=\"570\" height=\"410\" src=\"https:\/\/blog.thecovepilates.com\/wp-content\/uploads\/2021\/03\/Untitled-1-570x410.jpg\" class=\"attachment-medium size-medium wp-post-image\" alt=\"V\u00dcCUT YA\u011eINIZI AZALTMANIN KANITLANMI\u015e 4 YOLU\" \/><\/a><\/figure><div class=\"post-content\"><header class=\"title hr-sep\"><div class=\"meta-categories\"><a href=\"https:\/\/blog.thecovepilates.com\/?cat=26\" rel=\"category\">Beslenme<\/a> <a href=\"https:\/\/blog.thecovepilates.com\/?cat=25\" rel=\"category\">Spor<\/a><\/div><h2 itemprop=\"headline\"><a href=\"https:\/\/blog.thecovepilates.com\/?p=539\" title=\"Permalink to V\u00fccut Ya\u011f\u0131n\u0131z\u0131 Azaltman\u0131n 4 Yolu\" rel=\"bookmark\">V\u00fccut Ya\u011f\u0131n\u0131z\u0131 Azaltman\u0131n 4 Yolu<\/a><\/h2><\/header><div class=\"post-excerpt\">V\u00fccut ya\u011f\u0131n\u0131 kaybetmek ve ya\u011fs\u0131z kaslar in\u015fa etmek istedi\u011finizde daha fazla kalori yakman\u0131za yard\u0131mc\u0131 olacak<\/div><\/div><div class=\"post-meta footer-meta disable-lines\"><div class=\"meta-sharebox\"><i class=\"la la-share-alt\"><\/i><div class=\"sharebox\"><div class=\"social-icons\"><ul class=\"unstyled\"><li class=\"social-facebook\"><a href=\"\/\/www.facebook.com\/sharer.php?u=https:\/\/blog.thecovepilates.com\/?p=539&amp;t=V\u00fccut+Ya\u011f\u0131n\u0131z\u0131+Azaltman\u0131n+4+Yolu\" title=\"Share to Facebook\" target=\"_blank\"><i class=\"fab fa-facebook\"><\/i><\/a><\/li><li class=\"social-twitter\"><a href=\"\/\/twitter.com\/home?status=V\u00fccut+Ya\u011f\u0131n\u0131z\u0131+Azaltman\u0131n+4+Yolu+https:\/\/blog.thecovepilates.com\/?p=539\" title=\"Share to Twitter\" target=\"_blank\"><i class=\"fab fa-twitter\"><\/i><\/a><\/li><li class=\"social-pinterest\"><a href=\"\/\/pinterest.com\/pin\/create\/link\/?url=https:\/\/blog.thecovepilates.com\/?p=539&amp;media=https:\/\/blog.thecovepilates.com\/wp-content\/uploads\/2021\/03\/Untitled-1.jpg&amp;description=V\u00fccut+Ya\u011f\u0131n\u0131z\u0131+Azaltman\u0131n+4+Yolu\" title=\"Share to Pinterest\" target=\"_blank\"><i class=\"fab fa-pinterest-p\"><\/i><\/a><\/li><\/ul><\/div><\/div><\/div><\/div><\/div><\/article><article itemscope itemtype=\"http:\/\/schema.org\/Article\" class=\"post-size span6 style_3 507 post-507 post type-post status-publish format-standard has-post-thumbnail hentry category-beslenme tag-besin tag-tarif tag-yemek post\"><div class=\"post-content-container textcenter\"><figure class=\"post-img\"><a href=\"https:\/\/blog.thecovepilates.com\/?p=507\" rel=\"bookmark\"><img loading=\"lazy\" decoding=\"async\" width=\"570\" height=\"410\" src=\"https:\/\/blog.thecovepilates.com\/wp-content\/uploads\/2020\/07\/otlu-tavuk-marsala-570x410.jpg\" class=\"attachment-medium size-medium wp-post-image\" alt=\"Otlu Tavuk Marsala\" \/><\/a><\/figure><div class=\"post-content\"><header class=\"title hr-sep\"><div class=\"meta-categories\"><a href=\"https:\/\/blog.thecovepilates.com\/?cat=26\" rel=\"category\">Beslenme<\/a><\/div><h2 itemprop=\"headline\"><a href=\"https:\/\/blog.thecovepilates.com\/?p=507\" title=\"Permalink to Tarif: Otlu Tavuk Marsala\" rel=\"bookmark\">Tarif: Otlu Tavuk Marsala<\/a><\/h2><\/header><div class=\"post-excerpt\">D\u00fc\u015f\u00fck kalorili sote mantarla ve g\u00fcne\u015fte kurutulmu\u015f domateslerle yap\u0131lm\u0131\u015f bu yemek hem sa\u011fl\u0131kl\u0131 hem de<\/div><\/div><div class=\"post-meta footer-meta disable-lines\"><div class=\"meta-sharebox\"><i class=\"la la-share-alt\"><\/i><div class=\"sharebox\"><div class=\"social-icons\"><ul class=\"unstyled\"><li class=\"social-facebook\"><a href=\"\/\/www.facebook.com\/sharer.php?u=https:\/\/blog.thecovepilates.com\/?p=507&amp;t=Tarif:+Otlu+Tavuk+Marsala\" title=\"Share to Facebook\" target=\"_blank\"><i class=\"fab fa-facebook\"><\/i><\/a><\/li><li class=\"social-twitter\"><a href=\"\/\/twitter.com\/home?status=Tarif:+Otlu+Tavuk+Marsala+https:\/\/blog.thecovepilates.com\/?p=507\" title=\"Share to Twitter\" target=\"_blank\"><i class=\"fab fa-twitter\"><\/i><\/a><\/li><li class=\"social-pinterest\"><a href=\"\/\/pinterest.com\/pin\/create\/link\/?url=https:\/\/blog.thecovepilates.com\/?p=507&amp;media=https:\/\/blog.thecovepilates.com\/wp-content\/uploads\/2020\/07\/otlu-tavuk-marsala.jpg&amp;description=Tarif:+Otlu+Tavuk+Marsala\" title=\"Share to Pinterest\" target=\"_blank\"><i class=\"fab fa-pinterest-p\"><\/i><\/a><\/li><\/ul><\/div><\/div><\/div><\/div><\/div><\/article><article itemscope itemtype=\"http:\/\/schema.org\/Article\" class=\"post-size span6 style_3 497 post-497 post type-post status-publish format-standard has-post-thumbnail hentry category-beslenme category-spor tag-beslenme tag-pilates tag-yemek post\"><div class=\"post-content-container textcenter\"><figure class=\"post-img\"><a href=\"https:\/\/blog.thecovepilates.com\/?p=497\" rel=\"bookmark\"><img loading=\"lazy\" decoding=\"async\" width=\"570\" height=\"410\" src=\"https:\/\/blog.thecovepilates.com\/wp-content\/uploads\/2020\/07\/header-1-570x410.jpg\" class=\"attachment-medium size-medium wp-post-image\" alt=\"\" \/><\/a><\/figure><div class=\"post-content\"><header class=\"title hr-sep\"><div class=\"meta-categories\"><a href=\"https:\/\/blog.thecovepilates.com\/?cat=26\" rel=\"category\">Beslenme<\/a> <a href=\"https:\/\/blog.thecovepilates.com\/?cat=25\" rel=\"category\">Spor<\/a><\/div><h2 itemprop=\"headline\"><a href=\"https:\/\/blog.thecovepilates.com\/?p=497\" title=\"Permalink to Pilates \u00d6ncesi Yemek\" rel=\"bookmark\">Pilates \u00d6ncesi Yemek<\/a><\/h2><\/header><div class=\"post-excerpt\">Bir \u00e7ok uzman, maksimum performans i\u00e7in v\u00fccudunuzu beslemenin gerekli oldu\u011funu kabul eder. \u0130\u015fin p\u00fcf noktas\u0131,<\/div><\/div><div class=\"post-meta footer-meta disable-lines\"><div class=\"meta-sharebox\"><i class=\"la la-share-alt\"><\/i><div class=\"sharebox\"><div class=\"social-icons\"><ul class=\"unstyled\"><li class=\"social-facebook\"><a href=\"\/\/www.facebook.com\/sharer.php?u=https:\/\/blog.thecovepilates.com\/?p=497&amp;t=Pilates+\u00d6ncesi+Yemek\" title=\"Share to Facebook\" target=\"_blank\"><i class=\"fab fa-facebook\"><\/i><\/a><\/li><li class=\"social-twitter\"><a href=\"\/\/twitter.com\/home?status=Pilates+\u00d6ncesi+Yemek+https:\/\/blog.thecovepilates.com\/?p=497\" title=\"Share to Twitter\" target=\"_blank\"><i class=\"fab fa-twitter\"><\/i><\/a><\/li><li class=\"social-pinterest\"><a href=\"\/\/pinterest.com\/pin\/create\/link\/?url=https:\/\/blog.thecovepilates.com\/?p=497&amp;media=https:\/\/blog.thecovepilates.com\/wp-content\/uploads\/2020\/07\/header-1.jpg&amp;description=Pilates+\u00d6ncesi+Yemek\" title=\"Share to Pinterest\" target=\"_blank\"><i class=\"fab fa-pinterest-p\"><\/i><\/a><\/li><\/ul><\/div><\/div><\/div><\/div><\/div><\/article><article itemscope itemtype=\"http:\/\/schema.org\/Article\" class=\"post-size span6 style_3 490 post-490 post type-post status-publish format-standard has-post-thumbnail hentry category-spor tag-pilates post\"><div class=\"post-content-container textcenter\"><figure class=\"post-img\"><a href=\"https:\/\/blog.thecovepilates.com\/?p=490\" rel=\"bookmark\"><img loading=\"lazy\" decoding=\"async\" width=\"570\" height=\"410\" src=\"https:\/\/blog.thecovepilates.com\/wp-content\/uploads\/2020\/07\/Header-570x410.jpg\" class=\"attachment-medium size-medium wp-post-image\" alt=\"\" \/><\/a><\/figure><div class=\"post-content\"><header class=\"title hr-sep\"><div class=\"meta-categories\"><a href=\"https:\/\/blog.thecovepilates.com\/?cat=25\" rel=\"category\">Spor<\/a><\/div><h2 itemprop=\"headline\"><a href=\"https:\/\/blog.thecovepilates.com\/?p=490\" title=\"Permalink to Pilates Herg\u00fcn Yap\u0131l\u0131r M\u0131?\" rel=\"bookmark\">Pilates Herg\u00fcn Yap\u0131l\u0131r M\u0131?<\/a><\/h2><\/header><div class=\"post-excerpt\">Bir egzersiz y\u00f6ntemi olarak Pilates her g\u00fcn yap\u0131labilmektedir. E\u011fitmeninizin haz\u0131rlayaca\u011f\u0131 d\u00fczg\u00fcn ve size uygun bir<\/div><\/div><div class=\"post-meta footer-meta disable-lines\"><div class=\"meta-sharebox\"><i class=\"la la-share-alt\"><\/i><div class=\"sharebox\"><div class=\"social-icons\"><ul class=\"unstyled\"><li class=\"social-facebook\"><a href=\"\/\/www.facebook.com\/sharer.php?u=https:\/\/blog.thecovepilates.com\/?p=490&amp;t=Pilates+Herg\u00fcn+Yap\u0131l\u0131r+M\u0131?\" title=\"Share to Facebook\" target=\"_blank\"><i class=\"fab fa-facebook\"><\/i><\/a><\/li><li class=\"social-twitter\"><a href=\"\/\/twitter.com\/home?status=Pilates+Herg\u00fcn+Yap\u0131l\u0131r+M\u0131?+https:\/\/blog.thecovepilates.com\/?p=490\" title=\"Share to Twitter\" target=\"_blank\"><i class=\"fab fa-twitter\"><\/i><\/a><\/li><li class=\"social-pinterest\"><a href=\"\/\/pinterest.com\/pin\/create\/link\/?url=https:\/\/blog.thecovepilates.com\/?p=490&amp;media=https:\/\/blog.thecovepilates.com\/wp-content\/uploads\/2020\/07\/Header.jpg&amp;description=Pilates+Herg\u00fcn+Yap\u0131l\u0131r+M\u0131?\" title=\"Share to Pinterest\" target=\"_blank\"><i class=\"fab fa-pinterest-p\"><\/i><\/a><\/li><\/ul><\/div><\/div><\/div><\/div><\/div><\/article><\/div><div id=\"pagination\" class=\"hide pagination1\"><a href=\"https:\/\/blog.thecovepilates.com\/index.php?rest_route=%2Fwp%2Fv2%2Fpages%2F250&#038;paged=2\" class=\"next\">Sonraki sayfa &raquo;<\/a><\/div><div class=\"loadmore-container\"><a href=\"#\" class=\"loadmore button loadmore1\"><span>Load More<\/span><\/a><\/div><div class=\"mb35\"><\/div><\/div>[\/vc_column][vc_column width=&#8221;1\/4&#8243; el_id=&#8221;sidebar&#8221;][vc_widget_sidebar sidebar_id=&#8221;blog-widgets&#8221;][\/vc_column][\/vc_row][vc_row full_width=&#8221;stretch_row&#8221; css=&#8221;.vc_custom_1616154810463{padding-top: 30px !important;padding-bottom: 30px !important;background-color: #f9d5c6 !important;}&#8221;][vc_column width=&#8221;1\/4&#8243; css=&#8221;.vc_custom_1534881687202{padding-right: 0px !important;}&#8221;][vc_custom_heading text=&#8221;HABERDAR OLUN!&#8221; font_container=&#8221;tag:h4|font_size:18px|text_align:left|color:%23222325|line_height:54px&#8221; use_theme_fonts=&#8221;yes&#8221;][\/vc_column][vc_column width=&#8221;3\/4&#8243; css=&#8221;.vc_custom_1535023784532{padding-left: 0px !important;}&#8221;][vc_column_text]<script>(function() {\n\twindow.mc4wp = window.mc4wp || {\n\t\tlisteners: [],\n\t\tforms: {\n\t\t\ton: function(evt, cb) {\n\t\t\t\twindow.mc4wp.listeners.push(\n\t\t\t\t\t{\n\t\t\t\t\t\tevent   : evt,\n\t\t\t\t\t\tcallback: cb\n\t\t\t\t\t}\n\t\t\t\t);\n\t\t\t}\n\t\t}\n\t}\n})();\n<\/script><!-- Mailchimp for WordPress v4.12.5 - https:\/\/wordpress.org\/plugins\/mailchimp-for-wp\/ --><form id=\"mc4wp-form-1\" class=\"mc4wp-form mc4wp-form-274 mc4wp-form-theme mc4wp-form-theme-light\" method=\"post\" data-id=\"274\" data-name=\"\" ><div class=\"mc4wp-form-fields\"><div class=\"flex\">\r\n  <div class=\"flex-item\">\r\n    <input type=\"text\" name=\"NAME\" placeholder=\"\u0130sminiz\" required \/>\r\n  <\/div>\r\n  <div class=\"flex-item\">\r\n    <input type=\"email\" name=\"EMAIL\" placeholder=\"Email Adresiniz\" required \/>\r\n  <\/div><br>\r\n  <div class=\"flex-item\">\r\n    <button type=\"submit\" class=\"button square\">KAYIT OLUN <i class=\"la la-paper-plane\"><\/i><\/button>\r\n  <\/div>\r\n<\/div>\r\n\r\n<\/div><label style=\"display: none !important;\">Leave this field empty if you're human: <input type=\"text\" name=\"_mc4wp_honeypot\" value=\"\" tabindex=\"-1\" autocomplete=\"off\" \/><\/label><input type=\"hidden\" name=\"_mc4wp_timestamp\" value=\"1778409423\" \/><input type=\"hidden\" name=\"_mc4wp_form_id\" value=\"274\" \/><input type=\"hidden\" name=\"_mc4wp_form_element_id\" value=\"mc4wp-form-1\" \/><div class=\"mc4wp-response\"><\/div><\/form><!-- \/ Mailchimp for WordPress Plugin -->[\/vc_column_text][\/vc_column][\/vc_row]\n","protected":false},"excerpt":{"rendered":"<p>[vc_row full_width=&#8221;stretch_row_content_no_spaces&#8221;][vc_column][vc_single_image image=&#8221;450&#8243; img_size=&#8221;full&#8221; alignment=&#8221;center&#8221; el_class=&#8221;bottom-border-radius&#8221; css=&#8221;.vc_custom_1580982637243{margin-bottom: 42px !important;}&#8221;][\/vc_column][\/vc_row][vc_row][vc_column][vc_custom_heading text=&#8221;MERHABA&#8221; font_container=&#8221;tag:h2|font_size:32|text_align:center|line_height:1em&#8221; use_theme_fonts=&#8221;yes&#8221; el_class=&#8221;extra-letter-spacing&#8221;][vc_separator color=&#8221;custom&#8221; border_width=&#8221;2&#8243; el_width=&#8221;10&#8243; accent_color=&#8221;#f9dbce&#8221; el_class=&#8221;hr-sep-width&#8221; css=&#8221;.vc_custom_1534246646681{margin-bottom: 15px !important;padding-top: 12px !important;padding-bottom: 15px !important;}&#8221;][vc_column_text] Sa\u011fl\u0131kl\u0131 ya\u015fam, beslenme ve spora dair bir \u00e7ok makale bulabilece\u011finiz The Cove Blog, kendi d\u00fc\u015f\u00fcnce ve deneyimlerimizi derledi\u011fimiz bir blog haline getirmeye \u00e7al\u0131\u015ft\u0131k. Keyifli okumalar \ud83d\ude42 [\/vc_column_text][vc_single_image<\/p>\n","protected":false},"author":1,"featured_media":0,"parent":0,"menu_order":0,"comment_status":"closed","ping_status":"open","template":"page-fullwidth.php","meta":{"footnotes":""},"class_list":["post-250","page","type-page","status-publish","hentry"],"_links":{"self":[{"href":"https:\/\/blog.thecovepilates.com\/index.php?rest_route=\/wp\/v2\/pages\/250","targetHints":{"allow":["GET"]}}],"collection":[{"href":"https:\/\/blog.thecovepilates.com\/index.php?rest_route=\/wp\/v2\/pages"}],"about":[{"href":"https:\/\/blog.thecovepilates.com\/index.php?rest_route=\/wp\/v2\/types\/page"}],"author":[{"embeddable":true,"href":"https:\/\/blog.thecovepilates.com\/index.php?rest_route=\/wp\/v2\/users\/1"}],"replies":[{"embeddable":true,"href":"https:\/\/blog.thecovepilates.com\/index.php?rest_route=%2Fwp%2Fv2%2Fcomments&post=250"}],"version-history":[{"count":5,"href":"https:\/\/blog.thecovepilates.com\/index.php?rest_route=\/wp\/v2\/pages\/250\/revisions"}],"predecessor-version":[{"id":682,"href":"https:\/\/blog.thecovepilates.com\/index.php?rest_route=\/wp\/v2\/pages\/250\/revisions\/682"}],"wp:attachment":[{"href":"https:\/\/blog.thecovepilates.com\/index.php?rest_route=%2Fwp%2Fv2%2Fmedia&parent=250"}],"curies":[{"name":"wp","href":"https:\/\/api.w.org\/{rel}","templated":true}]}}